{"id":2871,"date":"2023-10-23T10:35:27","date_gmt":"2023-10-23T10:35:27","guid":{"rendered":"https:\/\/reckless.pt\/hs?page_id=2871"},"modified":"2024-02-08T15:18:26","modified_gmt":"2024-02-08T15:18:26","slug":"florencia","status":"publish","type":"page","link":"https:\/\/reckless.pt\/hs\/es\/ciudades\/florencia","title":{"rendered":"FLORENCIA"},"content":{"rendered":"<div id='av-layout-grid-1'  class='av-layout-grid-container av-1emaqw-6e7036f0f1dd19acb612c8e2aa26cb2a entry-content-wrapper main_color av-flex-cells  avia-builder-el-0  avia-builder-el-no-sibling  av-cell-min-height av-cell-min-height-85  container_wrap fullsize'   data-av_minimum_height_pc='85'>\n\n<style type=\"text\/css\" data-created_by=\"avia_inline_auto\" id=\"style-css-av-cp4n60-f46fb6638945c9675fed8da3bf097568\">\n.flex_cell.av-cp4n60-f46fb6638945c9675fed8da3bf097568{\nvertical-align:middle;\nbackground:url(https:\/\/reckless.pt\/hs\/wp-content\/uploads\/2023\/10\/back.jpg) 50% 50% no-repeat fixed #ffffff;\n}\n.responsive #top #wrap_all .flex_cell.av-cp4n60-f46fb6638945c9675fed8da3bf097568{\npadding:100px 100px 100px 100px !important;\n}\n\n@media only screen and (min-width: 480px) and (max-width: 767px){ \n.responsive #top #wrap_all .flex_cell.av-cp4n60-f46fb6638945c9675fed8da3bf097568{\npadding:20px 20px 20px 20px !important;\n}\n}\n\n@media only screen and (max-width: 479px){ \n.responsive #top #wrap_all .flex_cell.av-cp4n60-f46fb6638945c9675fed8da3bf097568{\npadding:20px 20px 20px 20px !important;\n}\n}\n<\/style>\n<div class='flex_cell av-cp4n60-f46fb6638945c9675fed8da3bf097568 av-gridrow-cell av_one_full no_margin  avia-builder-el-1  avia-builder-el-no-sibling  avia-full-stretch'  ><div class='flex_cell_inner'><p><div class='av-column-wrapper-individual av-mobile-columns-flex av-columns-reverse'>\n<style type=\"text\/css\" data-created_by=\"avia_inline_auto\" id=\"style-css-av-aht28o-3adf0ff0a457dab319904f30905a60c2\">\n.flex_column.av-aht28o-3adf0ff0a457dab319904f30905a60c2{\nborder-radius:0px 0px 0px 0px;\npadding:50px 50px 50px 50px;\nbackground-color:rgba(0,0,0,0.7);\n}\n<\/style>\n<div  class='flex_column av-aht28o-3adf0ff0a457dab319904f30905a60c2 av_two_fifth  avia-builder-el-2  el_before_av_three_fifth  avia-builder-el-first  first no_margin flex_column_div av-animated-generic fade-in  '     ><p>\n<style type=\"text\/css\" data-created_by=\"avia_inline_auto\" id=\"style-css-av-7pwqnc-ac5ac3b6953b3219f5a455659d7540a3\">\n#top .av-special-heading.av-7pwqnc-ac5ac3b6953b3219f5a455659d7540a3{\npadding-bottom:5px;\ncolor:#ffffff;\nfont-size:40px;\n}\nbody .av-special-heading.av-7pwqnc-ac5ac3b6953b3219f5a455659d7540a3 .av-special-heading-tag .heading-char{\nfont-size:25px;\n}\n#top #wrap_all .av-special-heading.av-7pwqnc-ac5ac3b6953b3219f5a455659d7540a3 .av-special-heading-tag{\nfont-size:40px;\n}\n.av-special-heading.av-7pwqnc-ac5ac3b6953b3219f5a455659d7540a3 .special-heading-inner-border{\nborder-color:#ffffff;\n}\n.av-special-heading.av-7pwqnc-ac5ac3b6953b3219f5a455659d7540a3 .av-subheading{\nfont-size:15px;\n}\n\n@media only screen and (max-width: 479px){ \n#top #wrap_all .av-special-heading.av-7pwqnc-ac5ac3b6953b3219f5a455659d7540a3 .av-special-heading-tag{\nfont-size:20px;\n}\n}\n\n@media only screen and (min-width: 480px) and (max-width: 767px){ \n#top #wrap_all .av-special-heading.av-7pwqnc-ac5ac3b6953b3219f5a455659d7540a3 .av-special-heading-tag{\nfont-size:0.8em;\n}\n}\n<\/style>\n<div  class='av-special-heading av-7pwqnc-ac5ac3b6953b3219f5a455659d7540a3 av-special-heading-h5 custom-color-heading blockquote modern-quote  avia-builder-el-3  el_before_av_textblock  avia-builder-el-first  av-inherit-size'><h5 class='av-special-heading-tag'  itemprop=\"headline\"  >FLORENCIA<\/h5><div class=\"special-heading-border\"><div class=\"special-heading-inner-border\"><\/div><\/div><\/div><br \/>\n\n<style type=\"text\/css\" data-created_by=\"avia_inline_auto\" id=\"style-css-av-7z13mw-a457b3133c6a954c4c8384f013069bbf\">\n#top .av_textblock_section.av-7z13mw-a457b3133c6a954c4c8384f013069bbf .avia_textblock{\nfont-size:16px;\ncolor:#ffffff;\n}\n<\/style>\n<section  class='av_textblock_section av-7z13mw-a457b3133c6a954c4c8384f013069bbf '   itemscope=\"itemscope\" itemtype=\"https:\/\/schema.org\/CreativeWork\" ><div class='avia_textblock av_inherit_color'  itemprop=\"text\" ><p>Florencia, capital de la regi\u00f3n de la Toscana en Italia, alberga muchas obras de arte y arquitectura renacentista.<\/p>\n<p>La ciudad es un verdadero tesoro del Renacimiento, donde el arte, la arquitectura y la historia se entrelazan de manera extraordinaria.<\/p>\n<p>D\u00e9jate llevar por la belleza atemporal, la cultura cautivadora y la elegancia cl\u00e1sica de Florencia, donde cada momento es una celebraci\u00f3n del arte y la historia.<\/p>\n<\/div><\/section><br \/>\n\n<style type=\"text\/css\" data-created_by=\"avia_inline_auto\" id=\"style-css-av-5bfygo-b39761a2772b03d34a1ba8e01614661d\">\n#top .hr.hr-invisible.av-5bfygo-b39761a2772b03d34a1ba8e01614661d{\nheight:20px;\n}\n<\/style>\n<div  class='hr av-5bfygo-b39761a2772b03d34a1ba8e01614661d hr-invisible  avia-builder-el-5  el_after_av_textblock  el_before_av_button '><span class='hr-inner '><span class=\"hr-inner-style\"><\/span><\/span><\/div><br \/>\n<div  class='avia-button-wrap av-lnvry5ry-dee9dc537d626daed9b5ed260a92559c-wrap avia-button-left  avia-builder-el-6  el_after_av_hr  el_before_av_button '>\n<style type=\"text\/css\" data-created_by=\"avia_inline_auto\" id=\"style-css-av-lnvry5ry-dee9dc537d626daed9b5ed260a92559c\">\n#top #wrap_all .avia-button.av-lnvry5ry-dee9dc537d626daed9b5ed260a92559c{\nmargin:5px 5px 5px 5px;\n}\n<\/style>\n<a href='#book'  class='avia-button av-lnvry5ry-dee9dc537d626daed9b5ed260a92559c avia-icon_select-yes-right-icon avia-size-medium avia-position-left av-icon-on-hover avia-color-white'  ><span class='avia_iconbox_title' ><b> <span style=\"color: black;\">RESERVAR AHORA<\/span><\/b><\/span><span class='avia_button_icon avia_button_icon_right' aria-hidden='true' data-av_icon='\ue87b' data-av_iconfont='entypo-fontello'><\/span><\/a><\/div><br \/>\n<div  class='avia-button-wrap av-3pup48-2fb5a67b6fc147bc508321cbaa25486b-wrap avia-button-left  avia-builder-el-7  el_after_av_button  avia-builder-el-last '>\n<style type=\"text\/css\" data-created_by=\"avia_inline_auto\" id=\"style-css-av-3pup48-2fb5a67b6fc147bc508321cbaa25486b\">\n#top #wrap_all .avia-button.av-3pup48-2fb5a67b6fc147bc508321cbaa25486b{\nmargin:5px 5px 5px 5px;\n}\n<\/style>\n<a href='https:\/\/reckless.pt\/hs\/es\/ciudades#destinations'  class='avia-button av-3pup48-2fb5a67b6fc147bc508321cbaa25486b avia-icon_select-yes-right-icon avia-size-medium avia-position-left av-icon-on-hover avia-color-light'  ><span class='avia_iconbox_title' ><b> <span style=\"color: white;\">M\u00c1S DESTINOS<\/span><\/b><\/span><span class='avia_button_icon avia_button_icon_right' aria-hidden='true' data-av_icon='\ue810' data-av_iconfont='entypo-fontello'><\/span><\/a><\/div><\/p><\/div>\n<style type=\"text\/css\" data-created_by=\"avia_inline_auto\" id=\"style-css-av-20zzdk-f32324083d618c505ba726fe9eee1528\">\n.flex_column.av-20zzdk-f32324083d618c505ba726fe9eee1528{\nborder-radius:0px 0px 0px 0px;\npadding:0px 0px 0px 0px;\n}\n.avia_transform .flex_column.av-20zzdk-f32324083d618c505ba726fe9eee1528{\nanimation-duration:0.5s;\n}\n\n@media only screen and (min-width: 480px) and (max-width: 767px){ \n.flex_column.av-20zzdk-f32324083d618c505ba726fe9eee1528{\npadding:0 0 0 0;\n}\n}\n\n@media only screen and (max-width: 479px){ \n.flex_column.av-20zzdk-f32324083d618c505ba726fe9eee1528{\npadding:0 0 0 0;\n}\n}\n<\/style>\n<div  class='flex_column av-20zzdk-f32324083d618c505ba726fe9eee1528 av_three_fifth  avia-builder-el-8  el_after_av_two_fifth  avia-builder-el-last  no_margin flex_column_div av-animated-generic fade-in av-zero-column-padding  '     ><style type=\"text\/css\" data-created_by=\"avia_inline_auto\" id=\"style-css-av-lnvr2w58-7e0dd6ec3ce02c550199abcee1ef9539\">\n.avia_transform .avia-image-container.av-lnvr2w58-7e0dd6ec3ce02c550199abcee1ef9539{\nanimation-duration:2s;\n}\n.avia-image-container.av-lnvr2w58-7e0dd6ec3ce02c550199abcee1ef9539 img.avia_image{\nbox-shadow:none;\n}\n.avia-image-container.av-lnvr2w58-7e0dd6ec3ce02c550199abcee1ef9539 .av-image-caption-overlay-center{\ncolor:#ffffff;\n}\n<\/style>\n<div  class='avia-image-container av-lnvr2w58-7e0dd6ec3ce02c550199abcee1ef9539 av-styling-no-styling avia_animated_image av-animated-when-visible-95 fade-in avia-align-center  avia-builder-el-9  avia-builder-el-no-sibling '   itemprop=\"image\" itemscope=\"itemscope\" itemtype=\"https:\/\/schema.org\/ImageObject\" ><div class=\"avia-image-container-inner\"><div class=\"avia-image-overlay-wrap\"><img decoding=\"async\" fetchpriority=\"high\" class='wp-image-2087 avia-img-lazy-loading-not-2087 avia_image ' src=\"https:\/\/reckless.pt\/hs\/wp-content\/uploads\/2023\/10\/flore.jpg\" alt='' title='flore'  height=\"667\" width=\"1000\"  itemprop=\"thumbnailUrl\" srcset=\"https:\/\/reckless.pt\/hs\/wp-content\/uploads\/2023\/10\/flore.jpg 1000w, https:\/\/reckless.pt\/hs\/wp-content\/uploads\/2023\/10\/flore-300x200.jpg 300w, https:\/\/reckless.pt\/hs\/wp-content\/uploads\/2023\/10\/flore-768x512.jpg 768w, https:\/\/reckless.pt\/hs\/wp-content\/uploads\/2023\/10\/flore-705x470.jpg 705w\" sizes=\"(max-width: 1000px) 100vw, 1000px\" \/><\/div><\/div><\/div><\/div><\/div><!--close flex column wrapper. Autoclose: 1 --><\/p>\n<\/div><\/div><\/div>\n","protected":false},"excerpt":{"rendered":"","protected":false},"author":1,"featured_media":0,"parent":2623,"menu_order":0,"comment_status":"closed","ping_status":"closed","template":"","meta":{"footnotes":""},"class_list":["post-2871","page","type-page","status-publish","hentry"],"_links":{"self":[{"href":"https:\/\/reckless.pt\/hs\/es\/wp-json\/wp\/v2\/pages\/2871","targetHints":{"allow":["GET"]}}],"collection":[{"href":"https:\/\/reckless.pt\/hs\/es\/wp-json\/wp\/v2\/pages"}],"about":[{"href":"https:\/\/reckless.pt\/hs\/es\/wp-json\/wp\/v2\/types\/page"}],"author":[{"embeddable":true,"href":"https:\/\/reckless.pt\/hs\/es\/wp-json\/wp\/v2\/users\/1"}],"replies":[{"embeddable":true,"href":"https:\/\/reckless.pt\/hs\/es\/wp-json\/wp\/v2\/comments?post=2871"}],"version-history":[{"count":1,"href":"https:\/\/reckless.pt\/hs\/es\/wp-json\/wp\/v2\/pages\/2871\/revisions"}],"predecessor-version":[{"id":2872,"href":"https:\/\/reckless.pt\/hs\/es\/wp-json\/wp\/v2\/pages\/2871\/revisions\/2872"}],"up":[{"embeddable":true,"href":"https:\/\/reckless.pt\/hs\/es\/wp-json\/wp\/v2\/pages\/2623"}],"wp:attachment":[{"href":"https:\/\/reckless.pt\/hs\/es\/wp-json\/wp\/v2\/media?parent=2871"}],"curies":[{"name":"wp","href":"https:\/\/api.w.org\/{rel}","templated":true}]}}